{"id":18,"date":"2015-10-20T08:51:04","date_gmt":"2015-10-20T07:51:04","guid":{"rendered":"http:\/\/www.cfatelier.com\/adc\/?page_id=18"},"modified":"2016-04-01T14:00:14","modified_gmt":"2016-04-01T13:00:14","slug":"menuiserie","status":"publish","type":"page","link":"http:\/\/www.cfatelier.com\/adc\/menuiserie\/","title":{"rendered":"Menuiserie"},"content":{"rendered":"<div id=\"pl-18\"  class=\"panel-layout\" ><div id=\"pg-18-0\"  class=\"panel-grid panel-no-style\" ><div id=\"pgc-18-0-0\"  class=\"panel-grid-cell\" ><div id=\"panel-18-0-0-0\" class=\"so-panel widget widget_black-studio-tinymce widget_black_studio_tinymce panel-first-child panel-last-child\" data-index=\"0\" ><div class=\"textwidget\"><h3 style=\"text-align: justify;\"><strong><br \/>\nL'atelier Menuiserie est anim\u00e9 par Christian DANGEL.<br \/>\nUn partenariat s'est mis en place avec Emma\u00fcs Scherwiller qui met des locaux \u00e0 notre disposition.<\/strong><\/h3>\n<\/div><\/div><\/div><div id=\"pgc-18-0-1\"  class=\"panel-grid-cell\" ><div id=\"panel-18-0-1-0\" class=\"so-panel widget widget_sow-image panel-first-child panel-last-child\" data-index=\"1\" ><div\n\t\t\t\n\t\t\tclass=\"so-widget-sow-image so-widget-sow-image-default-4b231843ec72-18\"\n\t\t\t\n\t\t>\n\n<div class=\"sow-image-container\">\n\t\t<img src=\"http:\/\/www.cfatelier.com\/adc\/wp-content\/uploads\/2015\/11\/emmaus.jpg\" width=\"240\" height=\"69\" sizes=\"(max-width: 240px) 100vw, 240px\" alt=\"emmaus\" loading=\"lazy\" \t\tclass=\"so-widget-image\"\/>\n\t<\/div>\n\n<\/div><\/div><\/div><\/div><div id=\"pg-18-1\"  class=\"panel-grid panel-no-style\" ><div id=\"pgc-18-1-0\"  class=\"panel-grid-cell\" ><div id=\"panel-18-1-0-0\" class=\"so-panel widget widget_metaslider_widget panel-first-child panel-last-child\" data-index=\"2\" ><div id=\"metaslider-id-232\" style=\"max-width: 700px; margin: 0 auto;\" class=\"ml-slider-3-27-5 metaslider metaslider-flex metaslider-232 ml-slider nav-hidden\">\n    <div id=\"metaslider_container_232\">\n        <div id=\"metaslider_232\">\n            <ul aria-live=\"polite\" class=\"slides\">\n                <li style=\"display: block; width: 100%;\" class=\"slide-238 ms-image\"><img width=\"900\" height=\"675\" src=\"http:\/\/www.cfatelier.com\/adc\/wp-content\/uploads\/2015\/11\/atelier.jpg\" class=\"slider-232 slide-238\" alt=\"\" loading=\"lazy\" rel=\"\" title=\"\" style=\"margin: 0 auto; width: 76.190476190476%\" srcset=\"http:\/\/www.cfatelier.com\/adc\/wp-content\/uploads\/2015\/11\/atelier.jpg 900w, http:\/\/www.cfatelier.com\/adc\/wp-content\/uploads\/2015\/11\/atelier-300x225.jpg 300w\" sizes=\"(max-width: 900px) 100vw, 900px\" \/><\/li>\n                <li style=\"display: none; width: 100%;\" class=\"slide-239 ms-image\"><img width=\"900\" height=\"675\" src=\"http:\/\/www.cfatelier.com\/adc\/wp-content\/uploads\/2015\/11\/decoupe.jpg\" class=\"slider-232 slide-239\" alt=\"Menuiserie\" loading=\"lazy\" rel=\"\" title=\"\" style=\"margin: 0 auto; width: 76.190476190476%\" srcset=\"http:\/\/www.cfatelier.com\/adc\/wp-content\/uploads\/2015\/11\/decoupe.jpg 900w, http:\/\/www.cfatelier.com\/adc\/wp-content\/uploads\/2015\/11\/decoupe-300x225.jpg 300w\" sizes=\"(max-width: 900px) 100vw, 900px\" \/><div class=\"caption-wrap\"><div class=\"caption\">Menuiserie<\/div><\/div><\/li>\n                <li style=\"display: none; width: 100%;\" class=\"slide-234 ms-image\"><img width=\"900\" height=\"675\" src=\"http:\/\/www.cfatelier.com\/adc\/wp-content\/uploads\/2015\/11\/poncage.jpg\" class=\"slider-232 slide-234\" alt=\"\" loading=\"lazy\" rel=\"\" title=\"\" style=\"margin: 0 auto; width: 76.190476190476%\" srcset=\"http:\/\/www.cfatelier.com\/adc\/wp-content\/uploads\/2015\/11\/poncage.jpg 900w, http:\/\/www.cfatelier.com\/adc\/wp-content\/uploads\/2015\/11\/poncage-300x225.jpg 300w\" sizes=\"(max-width: 900px) 100vw, 900px\" \/><\/li>\n                <li style=\"display: none; width: 100%;\" class=\"slide-240 ms-image\"><img width=\"900\" height=\"675\" src=\"http:\/\/www.cfatelier.com\/adc\/wp-content\/uploads\/2015\/11\/machine.jpg\" class=\"slider-232 slide-240\" alt=\"\" loading=\"lazy\" rel=\"\" title=\"\" style=\"margin: 0 auto; width: 76.190476190476%\" srcset=\"http:\/\/www.cfatelier.com\/adc\/wp-content\/uploads\/2015\/11\/machine.jpg 900w, http:\/\/www.cfatelier.com\/adc\/wp-content\/uploads\/2015\/11\/machine-300x225.jpg 300w\" sizes=\"(max-width: 900px) 100vw, 900px\" \/><\/li>\n                <li style=\"display: none; width: 100%;\" class=\"slide-233 ms-image\"><img width=\"900\" height=\"675\" src=\"http:\/\/www.cfatelier.com\/adc\/wp-content\/uploads\/2015\/11\/mangeoir.jpg\" class=\"slider-232 slide-233\" alt=\"\" loading=\"lazy\" rel=\"\" title=\"\" style=\"margin: 0 auto; width: 76.190476190476%\" srcset=\"http:\/\/www.cfatelier.com\/adc\/wp-content\/uploads\/2015\/11\/mangeoir.jpg 900w, http:\/\/www.cfatelier.com\/adc\/wp-content\/uploads\/2015\/11\/mangeoir-300x225.jpg 300w\" sizes=\"(max-width: 900px) 100vw, 900px\" \/><\/li>\n                <li style=\"display: none; width: 100%;\" class=\"slide-235 ms-image\"><img width=\"900\" height=\"675\" src=\"http:\/\/www.cfatelier.com\/adc\/wp-content\/uploads\/2015\/11\/stock.jpg\" class=\"slider-232 slide-235\" alt=\"\" loading=\"lazy\" rel=\"\" title=\"\" style=\"margin: 0 auto; width: 76.190476190476%\" srcset=\"http:\/\/www.cfatelier.com\/adc\/wp-content\/uploads\/2015\/11\/stock.jpg 900w, http:\/\/www.cfatelier.com\/adc\/wp-content\/uploads\/2015\/11\/stock-300x225.jpg 300w\" sizes=\"(max-width: 900px) 100vw, 900px\" \/><\/li>\n                <li style=\"display: none; width: 100%;\" class=\"slide-236 ms-image\"><img width=\"900\" height=\"675\" src=\"http:\/\/www.cfatelier.com\/adc\/wp-content\/uploads\/2015\/11\/vente-bis.jpg\" class=\"slider-232 slide-236\" alt=\"\" loading=\"lazy\" rel=\"\" title=\"\" style=\"margin: 0 auto; width: 76.190476190476%\" srcset=\"http:\/\/www.cfatelier.com\/adc\/wp-content\/uploads\/2015\/11\/vente-bis.jpg 900w, http:\/\/www.cfatelier.com\/adc\/wp-content\/uploads\/2015\/11\/vente-bis-300x225.jpg 300w\" sizes=\"(max-width: 900px) 100vw, 900px\" \/><\/li>\n                <li style=\"display: none; width: 100%;\" class=\"slide-237 ms-image\"><img width=\"900\" height=\"675\" src=\"http:\/\/www.cfatelier.com\/adc\/wp-content\/uploads\/2015\/11\/vente.jpg\" class=\"slider-232 slide-237\" alt=\"\" loading=\"lazy\" rel=\"\" title=\"\" style=\"margin: 0 auto; width: 76.190476190476%\" srcset=\"http:\/\/www.cfatelier.com\/adc\/wp-content\/uploads\/2015\/11\/vente.jpg 900w, http:\/\/www.cfatelier.com\/adc\/wp-content\/uploads\/2015\/11\/vente-300x225.jpg 300w\" sizes=\"(max-width: 900px) 100vw, 900px\" \/><\/li>\n            <\/ul>\n        <\/div>\n        \n    <\/div>\n<\/div><\/div><\/div><\/div><div id=\"pg-18-2\"  class=\"panel-grid panel-no-style\" ><div id=\"pgc-18-2-0\"  class=\"panel-grid-cell\" ><div id=\"panel-18-2-0-0\" class=\"so-panel widget widget_shortcodes-ultimate shortcodes-ultimate panel-first-child panel-last-child\" data-index=\"3\" ><div class=\"textwidget\"><div class=\"su-box su-box-style-glass width\" id=\"\" style=\"border-color:#000039;border-radius:3px\"><div class=\"su-box-title\" style=\"background-color:#09316C;color:#FFFFFF;border-top-left-radius:1px;border-top-right-radius:1px\">Objectifs<\/div><div class=\"su-box-content su-u-clearfix su-u-trim\" style=\"border-bottom-left-radius:1px;border-bottom-right-radius:1px\">\n<br>\n<li>Le travail en bin\u00f4me ou en \u00e9quipe, \n<div class=\"su-spacer\" style=\"height:20px\"><\/div>\n<li>Le respect des r\u00e8gles de s\u00e9curit\u00e9, \n<div class=\"su-spacer\" style=\"height:20px\"><\/div>\n<li>L&rsquo;acquisition de nouvelles comp\u00e9tences transf\u00e9rables.\n<div class=\"su-spacer\" style=\"height:20px\"><\/div>\n<\/div><\/div><\/div><\/div><\/div><div id=\"pgc-18-2-1\"  class=\"panel-grid-cell\" ><div id=\"panel-18-2-1-0\" class=\"so-panel widget widget_shortcodes-ultimate shortcodes-ultimate panel-first-child panel-last-child\" data-index=\"4\" ><div class=\"textwidget\"><div class=\"su-box su-box-style-glass width\" id=\"\" style=\"border-color:#000039;border-radius:3px\"><div class=\"su-box-title\" style=\"background-color:#09316C;color:#FFFFFF;border-top-left-radius:1px;border-top-right-radius:1px\">R\u00e9alisations<\/div><div class=\"su-box-content su-u-clearfix su-u-trim\" style=\"border-bottom-left-radius:1px;border-bottom-right-radius:1px\">\nLes participants cr\u00e9ent et produisent divers objets \u00e0 partir de bois r\u00e9cup\u00e9r\u00e9 sur des meubles destin\u00e9s \u00e0 la d\u00e9chetterie : mangeoires-nichoirs \u00e0 oiseaux, h\u00f4tels \u00e0 insectes, fermettes, planches \u00e0 pain, etc. \n<div class=\"su-spacer\" style=\"height:20px\"><\/div>\nL&rsquo;atelier menuiserie collabore avec l&rsquo;atelier arts-plastiques pour la cr\u00e9ation de jeux en bois, comme des puzzles. En effet, les cubes en bois cr\u00e9\u00e9s sur mesure en menuiserie sont ensuite utilis\u00e9s en arts-plastiques. <\/div><\/div><\/div><\/div><\/div><\/div><div id=\"pg-18-3\"  class=\"panel-grid panel-no-style\" ><div id=\"pgc-18-3-0\"  class=\"panel-grid-cell\" ><div id=\"panel-18-3-0-0\" class=\"so-panel widget widget_shortcodes-ultimate shortcodes-ultimate panel-first-child panel-last-child\" data-index=\"5\" ><div class=\"textwidget\"><div class=\"su-box su-box-style-glass width\" id=\"\" style=\"border-color:#000039;border-radius:3px\"><div class=\"su-box-title\" style=\"background-color:#09316C;color:#FFFFFF;border-top-left-radius:1px;border-top-right-radius:1px\">Partenariat avec Emmaus<\/div><div class=\"su-box-content su-u-clearfix su-u-trim\" style=\"border-bottom-left-radius:1px;border-bottom-right-radius:1px\">\nNous participons au march\u00e9 de Noel d\u2019Emma\u00fcs et aux portes ouvertes de la communaut\u00e9.\n<div class=\"su-spacer\" style=\"height:20px\"><\/div>\nNous y restaurons \u00e9galement des meubles pour la vente par Emma\u00fcs. \n<div class=\"su-spacer\" style=\"height:20px\"><\/div>\nNous sommes aussi impliqu\u00e9s dans le tri et la palettisation des encres d&rsquo;imprimantes r\u00e9colt\u00e9es par les compagnons d&rsquo;Emma\u00fcs, qui seront par la suite envoy\u00e9es \u00e0 un chantier d&rsquo;insertion qui revalorise ce type de d\u00e9chets. <\/div><\/div><\/div><\/div><\/div><\/div><\/div>","protected":false},"excerpt":{"rendered":"<p>L&rsquo;atelier Menuiserie est anim\u00e9 par Christian DANGEL. Un partenariat s&rsquo;est mis en place avec Emma\u00fcs Scherwiller qui met des locaux \u00e0 notre disposition.<\/p>\n","protected":false},"author":6,"featured_media":0,"parent":0,"menu_order":0,"comment_status":"closed","ping_status":"closed","template":"page-templates\/template-fullwidth.php","meta":{"_mi_skip_tracking":false},"_links":{"self":[{"href":"http:\/\/www.cfatelier.com\/adc\/wp-json\/wp\/v2\/pages\/18"}],"collection":[{"href":"http:\/\/www.cfatelier.com\/adc\/wp-json\/wp\/v2\/pages"}],"about":[{"href":"http:\/\/www.cfatelier.com\/adc\/wp-json\/wp\/v2\/types\/page"}],"author":[{"embeddable":true,"href":"http:\/\/www.cfatelier.com\/adc\/wp-json\/wp\/v2\/users\/6"}],"replies":[{"embeddable":true,"href":"http:\/\/www.cfatelier.com\/adc\/wp-json\/wp\/v2\/comments?post=18"}],"version-history":[{"count":41,"href":"http:\/\/www.cfatelier.com\/adc\/wp-json\/wp\/v2\/pages\/18\/revisions"}],"predecessor-version":[{"id":774,"href":"http:\/\/www.cfatelier.com\/adc\/wp-json\/wp\/v2\/pages\/18\/revisions\/774"}],"wp:attachment":[{"href":"http:\/\/www.cfatelier.com\/adc\/wp-json\/wp\/v2\/media?parent=18"}],"curies":[{"name":"wp","href":"https:\/\/api.w.org\/{rel}","templated":true}]}}