{"id":17,"date":"2015-10-20T08:49:52","date_gmt":"2015-10-20T07:49:52","guid":{"rendered":"http:\/\/www.cfatelier.com\/adc\/?page_id=17"},"modified":"2016-07-22T13:34:28","modified_gmt":"2016-07-22T12:34:28","slug":"ateliers","status":"publish","type":"page","link":"https:\/\/www.cfatelier.com\/adc\/ateliers\/","title":{"rendered":"Ateliers"},"content":{"rendered":"<div id=\"pl-17\"  class=\"panel-layout\" ><div id=\"pg-17-0\"  class=\"panel-grid panel-no-style\" ><div id=\"pgc-17-0-0\"  class=\"panel-grid-cell\" ><div id=\"panel-17-0-0-0\" class=\"so-panel widget widget_black-studio-tinymce widget_black_studio_tinymce panel-first-child panel-last-child\" data-index=\"0\" ><div class=\"textwidget\"><h3>Les ADC proposent diff\u00e9rents ateliers destin\u00e9s \u00e0 des groupes de 6 \u00e0 12 personnes.\u00a0 Les principaux objectifs sont\u00a0:<\/h3>\n<ul>\n<li>\n<h3>Rompre l\u2019isolement et reprendre confiance en soi\u00a0;<\/h3>\n<\/li>\n<li>\n<h3>Retrouver un rythme, travailler son assiduit\u00e9 et sa ponctualit\u00e9\u00a0;<\/h3>\n<\/li>\n<li>\n<h3>D\u00e9velopper et identifier des comp\u00e9tences transf\u00e9rables.<\/h3>\n<\/li>\n<\/ul>\n<h3>\u00a0<div id=\"grid-gallery-1-86764\" data-gg-id=\"1\" data-title=\"ateliers\" data-grid-type=\"3\" data-offset=\"5.3\" data-area-position=\"center\" data-icons=\"false\" data-preloader=\"true\" data-width=\"215\" data-height=\"215\" data-padding=\"0\" data-quicksand=\"disabled\" data-quicksand-duration=\"none\" data-popup-theme=\"theme_6\" data-popup-type=\"pretty-photo\" data-columns-number=\"3\" data-popup-image-text=\"title\" data-popup-widthsize=\"auto\" data-popup-heightsize=\"auto\" data-popup-i18n-words=\"{&quot;close&quot;:&quot;fermer&quot;,&quot;next&quot;:&quot;suivant&quot;,&quot;previous&quot;:&quot;pr\\u00e9c\\u00e9dent&quot;,&quot;start_slideshow&quot;:&quot;d\\u00e9marrer le diaporama&quot;,&quot;stop_slideshow&quot;:&quot;arr\\u00e9ter le diaporama&quot;,&quot;image&quot;:&quot;image&quot;,&quot;of&quot;:&quot;de&quot;,&quot;prev&quot;:&quot;pr\\u00e9c.&quot;,&quot;cExpand&quot;:&quot;Agrandir&quot;,&quot;cPrevious&quot;:&quot;Pr\\u00e9c\\u00e9dent&quot;,&quot;cNext&quot;:&quot;Suivant&quot;,&quot;cExpandStr&quot;:&quot;Agrandir l&#039;image&quot;,&quot;cRotate&quot;:&quot;Pivoter&quot;,&quot;cDetails&quot;:&quot;Details&quot;}\" data-popup-slideshow=\"true\" data-popup-slideshow-speed=\"2500\" data-popup-hoverstop=\"true\" data-popup-slideshow-auto=\"true\" data-popup-background=\"\" data-popup-transparency=\"30\" data-popup-disable-history=\"\" data-popup-disable-changed-url=\"\" data-popup-border-type=\"\" data-popup-border-color=\"\" data-popup-border-width=\"\" data-popup-border-enable=\"\" data-fullscreen=\"false\" data-hide-tooltip=\"false\" data-caption-font-family=\"Default\" data-caption-text-size=\"20px\" data-is-mobile=\"0\" data-caption-mobile=\"false\" data-hide-long-tltp-title=\"0\" data-caption-disabled-on-mobile=\"false\" data-responsive-colums=\"{&quot;desktop&quot;:{&quot;width&quot;:&quot;1200&quot;,&quot;columns&quot;:&quot;3&quot;},&quot;tablet&quot;:{&quot;width&quot;:&quot;768&quot;,&quot;columns&quot;:&quot;3&quot;},&quot;mobile&quot;:{&quot;width&quot;:&quot;320&quot;,&quot;columns&quot;:&quot;3&quot;}}\" data-popup-placement-type=\"0\" data-social-sharing=\"{&quot;enabled&quot;:null,&quot;gallerySharing&quot;:{&quot;enabled&quot;:null,&quot;position&quot;:null},&quot;imageSharing&quot;:{&quot;enabled&quot;:null,&quot;wrapperClass&quot;:&quot; vertical \\n &quot;},&quot;popupSharing&quot;:{&quot;enabled&quot;:null,&quot;wrapperClass&quot;:&quot; vertical \\n &quot;}}\" class=\"grid-gallery grid-gallery-fixed \" style=\" width:100%; height:auto ; margin-left:auto; margin-right:auto; position:relative;\" > <div class=\"gallery-loading\"> <div class=\"blocks\"> <div class=\"block\"><\/div> <div class=\"block\"><\/div> <div class=\"block\"><\/div> <div class=\"block\"><\/div> <\/div> <\/div> <div class=\"gallery-sharing-top\"><\/div> <div id=\"photos-1\" class=\"grid-gallery-photos \" > <a id=\"gg-1-41\" class=\"gg-link \" data-attachment-id=\"683\" href=\"http:\/\/www.cfatelier.com\/adc1\/arts-plastiques\/\" target=\"_blank\" title=\"Arts plastiques\" rel=\"\" data-type=\"link\" style=\"border-radius: 0px;\" ><FIGURE class=\"grid-gallery-caption \" data-grid-gallery-type=\"none\" data-index=\"0\" style=\"display:none;border: 4px solid #ffffff; border-radius: 0px; box-shadow: 2px 4px 5px #000000; ; margin: 5.3px; width:215px;\" ><div class=\"crop \" style=\" width:215px; height:215px; overflow:hidden; \"><img src=\"http:\/\/www.cfatelier.com\/adc1\/wp-content\/uploads\/2016\/01\/adc-selestat-arts-plastiques11-215x215.jpg\" class=\"ggImg ggNotInitImg\" alt=\"Arts plastiques\" title=\"Arts plastiques\" data-description=\"Arts plastiques\" data-caption=\"Arts-plastiques \" data-title=\"adc-selestat-arts plastiques11\" style=\" width:215px; height:215px; \" \/><\/div><FIGCAPTION class=\"\" data-alpha=\"3\" style=\"color:#ffffff; background-color:#003d84; font-size:20px; text-align:center; font-family:Default; opacity:1; bottom:0;\" ><div class=\"grid-gallery-figcaption-wrap\" style=\" vertical-align:middle; \"><div class=\"gg-image-caption fitvidsignore \" style=\"font-size:20px;\"><object type=\"none\/none\"> Arts-plastiques <\/object><\/div><\/div><\/FIGCAPTION><\/FIGURE><\/a> <a id=\"gg-1-4\" class=\"gg-link \" data-attachment-id=\"326\" href=\"http:\/\/www.cfatelier.com\/adc1\/ateliers\/atelier-communication-et-entreprise\/\" target=\"_blank\" title=\"Communication\" rel=\"\" data-type=\"link\" style=\"border-radius: 0px;\" ><FIGURE class=\"grid-gallery-caption \" data-grid-gallery-type=\"none\" data-index=\"1\" style=\"display:none;border: 4px solid #ffffff; border-radius: 0px; box-shadow: 2px 4px 5px #000000; ; margin: 5.3px; width:215px;\" ><div class=\"crop \" style=\" width:215px; height:215px; overflow:hidden; \"><img src=\"http:\/\/www.cfatelier.com\/adc1\/wp-content\/uploads\/2015\/12\/adc-selestat-projet-pro-215x215.jpg\" class=\"ggImg ggNotInitImg\" alt=\"Communication\" title=\"Communication\" data-description=\"Communication\" data-caption=\"Communication-entreprise\" data-title=\"adc-selestat-projet-pro\" style=\" width:215px; height:215px; \" \/><\/div><FIGCAPTION class=\"\" data-alpha=\"3\" style=\"color:#ffffff; background-color:#003d84; font-size:20px; text-align:center; font-family:Default; opacity:1; bottom:0;\" ><div class=\"grid-gallery-figcaption-wrap\" style=\" vertical-align:middle; \"><div class=\"gg-image-caption fitvidsignore \" style=\"font-size:20px;\"><object type=\"none\/none\"> Communication-entreprise <\/object><\/div><\/div><\/FIGCAPTION><\/FIGURE><\/a> <a id=\"gg-1-39\" class=\"gg-link \" data-attachment-id=\"797\" href=\"http:\/\/www.cfatelier.com\/adc1\/competences-cles\/\" target=\"_blank\" title=\"Comp\u00e9tences cl\u00e9s\" rel=\"\" data-type=\"link\" style=\"border-radius: 0px;\" ><FIGURE class=\"grid-gallery-caption \" data-grid-gallery-type=\"none\" data-index=\"2\" style=\"display:none;border: 4px solid #ffffff; border-radius: 0px; box-shadow: 2px 4px 5px #000000; ; margin: 5.3px; width:215px;\" ><div class=\"crop \" style=\" width:215px; height:215px; overflow:hidden; \"><img src=\"http:\/\/www.cfatelier.com\/adc1\/wp-content\/uploads\/2016\/04\/DSC_0069-215x215.jpg\" class=\"ggImg ggNotInitImg\" alt=\"Comp\u00e9tences cl\u00e9s\" title=\"Comp\u00e9tences cl\u00e9s\" data-description=\"Comp\u00e9tences cl\u00e9s\" data-caption=\"Comp\u00e9tences cl\u00e9s\" data-title=\"DSC_0069\" style=\" width:215px; height:215px; \" \/><\/div><FIGCAPTION class=\"\" data-alpha=\"3\" style=\"color:#ffffff; background-color:#003d84; font-size:20px; text-align:center; font-family:Default; opacity:1; bottom:0;\" ><div class=\"grid-gallery-figcaption-wrap\" style=\" vertical-align:middle; \"><div class=\"gg-image-caption fitvidsignore \" style=\"font-size:20px;\"><object type=\"none\/none\"> Comp\u00e9tences cl\u00e9s <\/object><\/div><\/div><\/FIGCAPTION><\/FIGURE><\/a> <a id=\"gg-1-40\" class=\"gg-link \" data-attachment-id=\"805\" href=\"http:\/\/www.cfatelier.com\/adc1\/cuisine\/\" target=\"_blank\" title=\"Cuisine\" rel=\"\" data-type=\"link\" style=\"border-radius: 0px;\" ><FIGURE class=\"grid-gallery-caption \" data-grid-gallery-type=\"none\" data-index=\"3\" style=\"display:none;border: 4px solid #ffffff; border-radius: 0px; box-shadow: 2px 4px 5px #000000; ; margin: 5.3px; width:215px;\" ><div class=\"crop \" style=\" width:215px; height:215px; overflow:hidden; \"><img src=\"http:\/\/www.cfatelier.com\/adc1\/wp-content\/uploads\/2016\/04\/Cuisine-215x215.jpg\" class=\"ggImg ggNotInitImg\" alt=\"Cuisine\" title=\"Cuisine\" data-description=\"Cuisine\" data-caption=\"Cuisine\" data-title=\"Cuisine\" style=\" width:215px; height:215px; \" \/><\/div><FIGCAPTION class=\"\" data-alpha=\"3\" style=\"color:#ffffff; background-color:#003d84; font-size:20px; text-align:center; font-family:Default; opacity:1; bottom:0;\" ><div class=\"grid-gallery-figcaption-wrap\" style=\" vertical-align:middle; \"><div class=\"gg-image-caption fitvidsignore \" style=\"font-size:20px;\"><object type=\"none\/none\"> Cuisine <\/object><\/div><\/div><\/FIGCAPTION><\/FIGURE><\/a> <a id=\"gg-1-18\" class=\"gg-link \" data-attachment-id=\"210\" href=\"http:\/\/www.cfatelier.com\/adc1\/expression-de-soi\/\" target=\"_blank\" title=\"Expression\" rel=\"\" data-type=\"link\" style=\"border-radius: 0px;\" ><FIGURE class=\"grid-gallery-caption \" data-grid-gallery-type=\"none\" data-index=\"4\" style=\"display:none;border: 4px solid #ffffff; border-radius: 0px; box-shadow: 2px 4px 5px #000000; ; margin: 5.3px; width:215px;\" ><div class=\"crop \" style=\" width:215px; height:215px; overflow:hidden; \"><img src=\"http:\/\/www.cfatelier.com\/adc1\/wp-content\/uploads\/2015\/11\/adc-selestat-atelier-expression-de-soi-2-215x215.jpg\" class=\"ggImg ggNotInitImg\" alt=\"Expression de soi \" title=\"Expression\" data-description=\"Expression\" data-caption=\"Expression\" data-title=\"adc-selestat-atelier expression de soi (2)\" style=\" width:215px; height:215px; \" \/><\/div><FIGCAPTION class=\"\" data-alpha=\"3\" style=\"color:#ffffff; background-color:#003d84; font-size:20px; text-align:center; font-family:Default; opacity:1; bottom:0;\" ><div class=\"grid-gallery-figcaption-wrap\" style=\" vertical-align:middle; \"><div class=\"gg-image-caption fitvidsignore \" style=\"font-size:20px;\"><object type=\"none\/none\"> Expression <\/object><\/div><\/div><\/FIGCAPTION><\/FIGURE><\/a> <a id=\"gg-1-2\" class=\"gg-link \" data-attachment-id=\"239\" href=\"http:\/\/www.cfatelier.com\/adc1\/menuiserie\/\" target=\"_blank\" title=\"Menuiserie\" rel=\"\" data-type=\"link\" style=\"border-radius: 0px;\" ><FIGURE class=\"grid-gallery-caption \" data-grid-gallery-type=\"none\" data-index=\"5\" style=\"display:none;border: 4px solid #ffffff; border-radius: 0px; box-shadow: 2px 4px 5px #000000; ; margin: 5.3px; width:215px;\" ><div class=\"crop \" style=\" width:215px; height:215px; overflow:hidden; \"><img src=\"http:\/\/www.cfatelier.com\/adc1\/wp-content\/uploads\/2015\/11\/decoupe-215x215.jpg\" class=\"ggImg ggNotInitImg\" alt=\"Menuiserie\" title=\"Menuiserie\" data-description=\"Menuiserie\" data-caption=\"Menuiserie\" data-title=\"Menuiserie\" style=\" width:215px; height:215px; \" \/><\/div><FIGCAPTION class=\"\" data-alpha=\"3\" style=\"color:#ffffff; background-color:#003d84; font-size:20px; text-align:center; font-family:Default; opacity:1; bottom:0;\" ><div class=\"grid-gallery-figcaption-wrap\" style=\" vertical-align:middle; \"><div class=\"gg-image-caption fitvidsignore \" style=\"font-size:20px;\"><object type=\"none\/none\"> Menuiserie <\/object><\/div><\/div><\/FIGCAPTION><\/FIGURE><\/a> <a id=\"gg-1-1\" class=\"gg-link \" data-attachment-id=\"332\" href=\"http:\/\/www.cfatelier.com\/adc1\/multimedia\/\" target=\"_blank\" title=\"Multim\u00e9dia\" rel=\"\" data-type=\"link\" style=\"border-radius: 0px;\" ><FIGURE class=\"grid-gallery-caption \" data-grid-gallery-type=\"none\" data-index=\"6\" style=\"display:none;border: 4px solid #ffffff; border-radius: 0px; box-shadow: 2px 4px 5px #000000; ; margin: 5.3px; width:215px;\" ><div class=\"crop \" style=\" width:215px; height:215px; overflow:hidden; \"><img src=\"http:\/\/www.cfatelier.com\/adc1\/wp-content\/uploads\/2015\/10\/DSC_0023-215x215.jpg\" class=\"ggImg ggNotInitImg\" alt=\"Multim\u00e9dia\" title=\"Multim\u00e9dia\" data-description=\"Multim\u00e9dia\" data-caption=\"Multim\u00e9dia\" data-title=\"DSC_0023\" style=\" width:215px; height:215px; \" \/><\/div><FIGCAPTION class=\"\" data-alpha=\"3\" style=\"color:#ffffff; background-color:#003d84; font-size:20px; text-align:center; font-family:Default; opacity:1; bottom:0;\" ><div class=\"grid-gallery-figcaption-wrap\" style=\" vertical-align:middle; \"><div class=\"gg-image-caption fitvidsignore \" style=\"font-size:20px;\"><object type=\"none\/none\"> Multim\u00e9dia <\/object><\/div><\/div><\/FIGCAPTION><\/FIGURE><\/a> <a id=\"gg-1-17\" class=\"gg-link \" data-attachment-id=\"215\" href=\"http:\/\/www.cfatelier.com\/adc1\/projet-professionnel\/\" target=\"_blank\" title=\"Projet professionnel\" rel=\"\" data-type=\"link\" style=\"border-radius: 0px;\" ><FIGURE class=\"grid-gallery-caption \" data-grid-gallery-type=\"none\" data-index=\"7\" style=\"display:none;border: 4px solid #ffffff; border-radius: 0px; box-shadow: 2px 4px 5px #000000; ; margin: 5.3px; width:215px;\" ><div class=\"crop \" style=\" width:215px; height:215px; overflow:hidden; \"><img src=\"http:\/\/www.cfatelier.com\/adc1\/wp-content\/uploads\/2015\/11\/adc-selestat-atelier-expression-de-soi-11-215x215.jpg\" class=\"ggImg ggNotInitImg\" alt=\"Projet professionnel\" title=\"Projet professionnel\" data-description=\"Projet professionnel\" data-caption=\"Projet professionnel\" data-title=\"adc-selestat-atelier expression de soi (1)\" style=\" width:215px; height:215px; \" \/><\/div><FIGCAPTION class=\"\" data-alpha=\"3\" style=\"color:#ffffff; background-color:#003d84; font-size:20px; text-align:center; font-family:Default; opacity:1; bottom:0;\" ><div class=\"grid-gallery-figcaption-wrap\" style=\" vertical-align:middle; \"><div class=\"gg-image-caption fitvidsignore \" style=\"font-size:20px;\"><object type=\"none\/none\"> Projet professionnel <\/object><\/div><\/div><\/FIGCAPTION><\/FIGURE><\/a> <a id=\"gg-1-3\" class=\"gg-link \" data-attachment-id=\"226\" href=\"http:\/\/www.cfatelier.com\/adc1\/sport\/\" target=\"_blank\" title=\"Sport\" rel=\"\" data-type=\"link\" style=\"border-radius: 0px;\" ><FIGURE class=\"grid-gallery-caption \" data-grid-gallery-type=\"none\" data-index=\"8\" style=\"display:none;border: 4px solid #ffffff; border-radius: 0px; box-shadow: 2px 4px 5px #000000; ; margin: 5.3px; width:215px;\" ><div class=\"crop \" style=\" width:215px; height:215px; overflow:hidden; \"><img src=\"http:\/\/www.cfatelier.com\/adc1\/wp-content\/uploads\/2015\/11\/adc_selestat_sport-215x215.jpg\" class=\"ggImg ggNotInitImg\" alt=\"adc_selestat_sport\" title=\"Sport\" data-description=\"Sport\" data-caption=\"Sport \" data-title=\"adc_selestat_sport\" style=\" width:215px; height:215px; \" \/><\/div><FIGCAPTION class=\"\" data-alpha=\"3\" style=\"color:#ffffff; background-color:#003d84; font-size:20px; text-align:center; font-family:Default; opacity:1; bottom:0;\" ><div class=\"grid-gallery-figcaption-wrap\" style=\" vertical-align:middle; \"><div class=\"gg-image-caption fitvidsignore \" style=\"font-size:20px;\"><object type=\"none\/none\"> Sport <\/object><\/div><\/div><\/FIGCAPTION><\/FIGURE><\/a> <div class=\"grid-gallery-clearfix\"><\/div> <\/div> <div class=\"gallery-sharing-bottom\"><\/div> <div class=\"grid-gallery-clearfix\"><\/div> <\/div> <!-- Gallery by Supsystic plugin 1.15.4 --><\/h3>\n<h3>\u00a0<\/h3>\n<h3>Selon les besoins et les int\u00e9r\u00eats des participants, des ateliers ponctuels\u00a0peuvent \u00eatre mis en place en plus des ateliers hebdomadaires\u00a0:<\/h3>\n<ul>\n<li>\n<h3>Techniques de recherche d\u2019emploi (CV, lettre de motivation, pr\u00e9paration aux entretiens d\u2019embauche, recherche de stage, etc.)<\/h3>\n<\/li>\n<li>\n<h3>Visites d\u2019entreprises ou de centres de formation<\/h3>\n<\/li>\n<li>\n<h3>Mobilit\u00e9<\/h3>\n<\/li>\n<li>\n<h3>Estime et image de soi<\/h3>\n<\/li>\n<\/ul>\n<h3>\u00a0<\/h3>\n<\/div><\/div><\/div><\/div><\/div>","protected":false},"excerpt":{"rendered":"<p>Les ADC proposent diff\u00e9rents ateliers destin\u00e9s \u00e0 des groupes de 6 \u00e0 12 personnes.\u00a0 Les principaux objectifs sont\u00a0:Rompre l\u2019isolement et reprendre confiance en soi\u00a0;Retrouver un rythme, travailler son assiduit\u00e9 et sa ponctualit\u00e9\u00a0;D\u00e9velopper et identifier des comp\u00e9tences transf\u00e9rables.\u00a0\u00a0Selon les besoins et les int\u00e9r\u00eats des participants, des ateliers ponctuels\u00a0peuvent \u00eatre mis en place en plus des ateliers [&hellip;]<\/p>\n","protected":false},"author":6,"featured_media":0,"parent":0,"menu_order":0,"comment_status":"closed","ping_status":"closed","template":"page-templates\/template-fullwidth.php","meta":{"_mi_skip_tracking":false},"_links":{"self":[{"href":"https:\/\/www.cfatelier.com\/adc\/wp-json\/wp\/v2\/pages\/17"}],"collection":[{"href":"https:\/\/www.cfatelier.com\/adc\/wp-json\/wp\/v2\/pages"}],"about":[{"href":"https:\/\/www.cfatelier.com\/adc\/wp-json\/wp\/v2\/types\/page"}],"author":[{"embeddable":true,"href":"https:\/\/www.cfatelier.com\/adc\/wp-json\/wp\/v2\/users\/6"}],"replies":[{"embeddable":true,"href":"https:\/\/www.cfatelier.com\/adc\/wp-json\/wp\/v2\/comments?post=17"}],"version-history":[{"count":20,"href":"https:\/\/www.cfatelier.com\/adc\/wp-json\/wp\/v2\/pages\/17\/revisions"}],"predecessor-version":[{"id":799,"href":"https:\/\/www.cfatelier.com\/adc\/wp-json\/wp\/v2\/pages\/17\/revisions\/799"}],"wp:attachment":[{"href":"https:\/\/www.cfatelier.com\/adc\/wp-json\/wp\/v2\/media?parent=17"}],"curies":[{"name":"wp","href":"https:\/\/api.w.org\/{rel}","templated":true}]}}