{"id":20,"date":"2015-10-20T08:51:26","date_gmt":"2015-10-20T07:51:26","guid":{"rendered":"http:\/\/www.cfatelier.com\/adc\/?page_id=20"},"modified":"2016-04-01T13:40:14","modified_gmt":"2016-04-01T12:40:14","slug":"cuisine","status":"publish","type":"page","link":"https:\/\/www.cfatelier.com\/adc\/cuisine\/","title":{"rendered":"Cuisine"},"content":{"rendered":"<div id=\"pl-20\"  class=\"panel-layout\" ><div id=\"pg-20-0\"  class=\"panel-grid panel-no-style\" ><div id=\"pgc-20-0-0\"  class=\"panel-grid-cell\" ><div id=\"panel-20-0-0-0\" class=\"so-panel widget widget_black-studio-tinymce widget_black_studio_tinymce panel-first-child panel-last-child\" data-index=\"0\" ><div class=\"textwidget\"><h3 style=\"text-align: center;\"><strong>Cet atelier est propos\u00e9 par l'association Paprika et ouvert aux b\u00e9n\u00e9ficiaires des ADC.<\/strong><\/h3>\n<h3 style=\"text-align: center;\"><a href=\"http:\/\/www.cfatelier.com\/adc1\/wp-content\/uploads\/2015\/11\/Paprika-selestat-association.jpg\"><img class=\"wp-image-152 aligncenter\" src=\"http:\/\/www.cfatelier.com\/adc1\/wp-content\/uploads\/2015\/11\/Paprika-selestat-association-300x114.jpg\" alt=\"Paprika-selestat-association\" width=\"348\" height=\"132\" \/><\/a><\/h3>\n<\/div><\/div><\/div><\/div><div id=\"pg-20-1\"  class=\"panel-grid panel-no-style\" ><div id=\"pgc-20-1-0\"  class=\"panel-grid-cell\" ><div id=\"panel-20-1-0-0\" class=\"so-panel widget widget_metaslider_widget panel-first-child panel-last-child\" data-index=\"1\" ><div id=\"metaslider-id-216\" style=\"max-width: 700px; margin: 0 auto;\" class=\"ml-slider-3-27-5 metaslider metaslider-flex metaslider-216 ml-slider nav-hidden\">\n    <div id=\"metaslider_container_216\">\n        <div id=\"metaslider_216\">\n            <ul aria-live=\"polite\" class=\"slides\">\n                <li style=\"display: block; width: 100%;\" class=\"slide-808 ms-image\"><img width=\"900\" height=\"681\" src=\"https:\/\/www.cfatelier.com\/adc\/wp-content\/uploads\/2016\/04\/Cuisine-1.jpg\" class=\"slider-216 slide-808\" alt=\"Cuisine\" loading=\"lazy\" rel=\"\" title=\"Cuisine\" style=\"margin: 0 auto; width: 75.519194461926%\" srcset=\"https:\/\/www.cfatelier.com\/adc\/wp-content\/uploads\/2016\/04\/Cuisine-1.jpg 900w, https:\/\/www.cfatelier.com\/adc\/wp-content\/uploads\/2016\/04\/Cuisine-1-300x227.jpg 300w, https:\/\/www.cfatelier.com\/adc\/wp-content\/uploads\/2016\/04\/Cuisine-1-768x581.jpg 768w, https:\/\/www.cfatelier.com\/adc\/wp-content\/uploads\/2016\/04\/Cuisine-1-24x18.jpg 24w, https:\/\/www.cfatelier.com\/adc\/wp-content\/uploads\/2016\/04\/Cuisine-1-36x27.jpg 36w, https:\/\/www.cfatelier.com\/adc\/wp-content\/uploads\/2016\/04\/Cuisine-1-48x36.jpg 48w\" sizes=\"(max-width: 900px) 100vw, 900px\" \/><\/li>\n                <li style=\"display: none; width: 100%;\" class=\"slide-806 ms-image\"><img width=\"675\" height=\"900\" src=\"https:\/\/www.cfatelier.com\/adc\/wp-content\/uploads\/2016\/04\/20151030_101425.jpg\" class=\"slider-216 slide-806\" alt=\"Cuisine\" loading=\"lazy\" rel=\"\" title=\"Cuisine\" style=\"margin: 0 auto; width: 42.857142857143%\" srcset=\"https:\/\/www.cfatelier.com\/adc\/wp-content\/uploads\/2016\/04\/20151030_101425.jpg 675w, https:\/\/www.cfatelier.com\/adc\/wp-content\/uploads\/2016\/04\/20151030_101425-225x300.jpg 225w, https:\/\/www.cfatelier.com\/adc\/wp-content\/uploads\/2016\/04\/20151030_101425-18x24.jpg 18w, https:\/\/www.cfatelier.com\/adc\/wp-content\/uploads\/2016\/04\/20151030_101425-27x36.jpg 27w, https:\/\/www.cfatelier.com\/adc\/wp-content\/uploads\/2016\/04\/20151030_101425-36x48.jpg 36w\" sizes=\"(max-width: 675px) 100vw, 675px\" \/><\/li>\n                <li style=\"display: none; width: 100%;\" class=\"slide-807 ms-image\"><img width=\"900\" height=\"675\" src=\"https:\/\/www.cfatelier.com\/adc\/wp-content\/uploads\/2016\/04\/100_9683.jpg\" class=\"slider-216 slide-807\" alt=\"Cuisine\" loading=\"lazy\" rel=\"\" title=\"Cuisine\" style=\"margin: 0 auto; width: 76.190476190476%\" srcset=\"https:\/\/www.cfatelier.com\/adc\/wp-content\/uploads\/2016\/04\/100_9683.jpg 900w, https:\/\/www.cfatelier.com\/adc\/wp-content\/uploads\/2016\/04\/100_9683-300x225.jpg 300w, https:\/\/www.cfatelier.com\/adc\/wp-content\/uploads\/2016\/04\/100_9683-768x576.jpg 768w, https:\/\/www.cfatelier.com\/adc\/wp-content\/uploads\/2016\/04\/100_9683-24x18.jpg 24w, https:\/\/www.cfatelier.com\/adc\/wp-content\/uploads\/2016\/04\/100_9683-36x27.jpg 36w, https:\/\/www.cfatelier.com\/adc\/wp-content\/uploads\/2016\/04\/100_9683-48x36.jpg 48w\" sizes=\"(max-width: 900px) 100vw, 900px\" \/><\/li>\n            <\/ul>\n        <\/div>\n        \n    <\/div>\n<\/div><\/div><\/div><\/div><div id=\"pg-20-2\"  class=\"panel-grid panel-no-style\" ><div id=\"pgc-20-2-0\"  class=\"panel-grid-cell\" ><div id=\"panel-20-2-0-0\" class=\"so-panel widget widget_shortcodes-ultimate shortcodes-ultimate panel-first-child panel-last-child\" data-index=\"2\" ><div class=\"textwidget\"><div class=\"su-box su-box-style-glass\" id=\"\" style=\"border-color:#000039;border-radius:3px\"><div class=\"su-box-title\" style=\"background-color:#09316C;color:#FFFFFF;border-top-left-radius:1px;border-top-right-radius:1px\">Objectifs<\/div><div class=\"su-box-content su-u-clearfix su-u-trim\" style=\"border-bottom-left-radius:1px;border-bottom-right-radius:1px\">\n<ul> \n\n<li> Apprendre \u00e0 faire une cuisine saine et \u00e9quilibr\u00e9e <\/li>\n<li> Comprendre et respecter une fiche recette  <\/li>\n<li> Ma\u00eetriser les diff\u00e9rentes techniques de cuisson \n<li> Respecter les r\u00e8gles d&rsquo;hygi\u00e8ne  <\/li>\n<li> Apprendre \u00e0 g\u00e9rer son budget <\/li>\n\n<\/ul>\n<\/div><\/div><\/div><\/div><\/div><div id=\"pgc-20-2-1\"  class=\"panel-grid-cell\" ><div id=\"panel-20-2-1-0\" class=\"so-panel widget widget_shortcodes-ultimate shortcodes-ultimate panel-first-child panel-last-child\" data-index=\"3\" ><div class=\"textwidget\"><div class=\"su-box su-box-style-glass\" id=\"\" style=\"border-color:#000039;border-radius:3px\"><div class=\"su-box-title\" style=\"background-color:#09316C;color:#FFFFFF;border-top-left-radius:1px;border-top-right-radius:1px\">Activit\u00e9s<\/div><div class=\"su-box-content su-u-clearfix su-u-trim\" style=\"border-bottom-left-radius:1px;border-bottom-right-radius:1px\">\n<ul> \n\n<li> R\u00e9alisation d&rsquo;entr\u00e9es froides et chaudes<\/li>\n<li> R\u00e9alisation de plats principaux <\/li>\n<li> R\u00e9alisation de desserts <\/li>\n<li> Conception de menus\n<li> D\u00e9couverte des diff\u00e9rents aliments et des ustensiles\n<br>\n<\/ul>\n<\/div><\/div><\/div><\/div><\/div><\/div><div id=\"pg-20-3\"  class=\"panel-grid panel-no-style\" ><div id=\"pgc-20-3-0\"  class=\"panel-grid-cell\" ><div id=\"panel-20-3-0-0\" class=\"so-panel widget widget_shortcodes-ultimate shortcodes-ultimate panel-first-child panel-last-child\" data-index=\"4\" ><div class=\"textwidget\"><div class=\"su-box su-box-style-glass\" id=\"\" style=\"border-color:#000039;border-radius:3px\"><div class=\"su-box-title\" style=\"background-color:#09316C;color:#FFFFFF;border-top-left-radius:1px;border-top-right-radius:1px\">T\u00e9moignages<\/div><div class=\"su-box-content su-u-clearfix su-u-trim\" style=\"border-bottom-left-radius:1px;border-bottom-right-radius:1px\">\n<h3>\n<em>\u00a0\u00bb \u00a0 L&rsquo;atelier Cuisine m&rsquo;a permis de d\u00e9couvrir une nouvelle cuisine vari\u00e9e et saine et de faire de nouvelles rencontres\u00a0\u00a0\u00bb <\/em> \u00a0\u00a0 Am\u00e9lie\n<div class=\"su-spacer\" style=\"height:20px\"><\/div>\n<em>\u00a0\u00bb \u00a0 Cet atelier m&rsquo;a appris \u00e0 cuisiner avec des aliments sains. Surtout il m&rsquo;a permis de reprendre confiance et d&rsquo;aller vers les autres. \u00a0\u00bb <\/em> \u00a0\u00a0 M\u00e9lanie\n<div class=\"su-spacer\" style=\"height:20px\"><\/div>\n<\/div><\/div>\n<\/div><\/div><\/div><\/div><\/div>","protected":false},"excerpt":{"rendered":"<p>Cet atelier est propos\u00e9 par l&rsquo;association Paprika et ouvert aux b\u00e9n\u00e9ficiaires des ADC.<\/p>\n","protected":false},"author":6,"featured_media":0,"parent":0,"menu_order":0,"comment_status":"closed","ping_status":"closed","template":"page-templates\/template-fullwidth.php","meta":{"_mi_skip_tracking":false},"_links":{"self":[{"href":"https:\/\/www.cfatelier.com\/adc\/wp-json\/wp\/v2\/pages\/20"}],"collection":[{"href":"https:\/\/www.cfatelier.com\/adc\/wp-json\/wp\/v2\/pages"}],"about":[{"href":"https:\/\/www.cfatelier.com\/adc\/wp-json\/wp\/v2\/types\/page"}],"author":[{"embeddable":true,"href":"https:\/\/www.cfatelier.com\/adc\/wp-json\/wp\/v2\/users\/6"}],"replies":[{"embeddable":true,"href":"https:\/\/www.cfatelier.com\/adc\/wp-json\/wp\/v2\/comments?post=20"}],"version-history":[{"count":19,"href":"https:\/\/www.cfatelier.com\/adc\/wp-json\/wp\/v2\/pages\/20\/revisions"}],"predecessor-version":[{"id":767,"href":"https:\/\/www.cfatelier.com\/adc\/wp-json\/wp\/v2\/pages\/20\/revisions\/767"}],"wp:attachment":[{"href":"https:\/\/www.cfatelier.com\/adc\/wp-json\/wp\/v2\/media?parent=20"}],"curies":[{"name":"wp","href":"https:\/\/api.w.org\/{rel}","templated":true}]}}