{"id":794,"date":"2016-04-12T08:13:55","date_gmt":"2016-04-12T07:13:55","guid":{"rendered":"http:\/\/www.cfatelier.com\/adc\/?page_id=794"},"modified":"2019-01-10T11:03:27","modified_gmt":"2019-01-10T10:03:27","slug":"competences-cles","status":"publish","type":"page","link":"https:\/\/www.cfatelier.com\/adc\/competences-cles\/","title":{"rendered":"Comp\u00e9tences cl\u00e9s"},"content":{"rendered":"<div id=\"pl-794\"  class=\"panel-layout\" ><div id=\"pg-794-0\"  class=\"panel-grid panel-no-style\" ><div id=\"pgc-794-0-0\"  class=\"panel-grid-cell\" ><div id=\"panel-794-0-0-0\" class=\"so-panel widget widget_black-studio-tinymce widget_black_studio_tinymce panel-first-child panel-last-child\" data-index=\"0\" ><div class=\"textwidget\"><h3 style=\"text-align: center;\"><strong>Cet atelier permet \u00e0 chacun de travailler individuellement et d'ainsi\u00a0progresser \u00e0 son\u00a0rythme\u00a0en fonction de ses besoins et objectifs.<\/strong><\/h3>\n<h3 style=\"text-align: center;\"><\/h3>\n<\/div><\/div><\/div><\/div><div id=\"pg-794-1\"  class=\"panel-grid panel-no-style\" ><div id=\"pgc-794-1-0\"  class=\"panel-grid-cell\" ><div id=\"panel-794-1-0-0\" class=\"so-panel widget widget_sow-image panel-first-child panel-last-child\" data-index=\"1\" ><div\n\t\t\t\n\t\t\tclass=\"so-widget-sow-image so-widget-sow-image-default-4b231843ec72-794\"\n\t\t\t\n\t\t>\n\n<div class=\"sow-image-container\">\n\t\t<img src=\"https:\/\/www.cfatelier.com\/adc\/wp-content\/uploads\/2015\/12\/adc-selestat-projet-pro.jpg\" width=\"900\" height=\"460\" srcset=\"https:\/\/www.cfatelier.com\/adc\/wp-content\/uploads\/2015\/12\/adc-selestat-projet-pro.jpg 900w, https:\/\/www.cfatelier.com\/adc\/wp-content\/uploads\/2015\/12\/adc-selestat-projet-pro-300x153.jpg 300w\" sizes=\"(max-width: 900px) 100vw, 900px\" title=\"Communication-entreprise\" alt=\"Communication\" loading=\"lazy\" \t\tclass=\"so-widget-image\"\/>\n\t<\/div>\n\n<\/div><\/div><\/div><\/div><div id=\"pg-794-2\"  class=\"panel-grid panel-no-style\" ><div id=\"pgc-794-2-0\"  class=\"panel-grid-cell\" ><div id=\"panel-794-2-0-0\" class=\"so-panel widget widget_shortcodes-ultimate shortcodes-ultimate panel-first-child panel-last-child\" data-index=\"2\" ><div class=\"textwidget\"><div class=\"su-box su-box-style-glass\" id=\"\" style=\"border-color:#000039;border-radius:3px\"><div class=\"su-box-title\" style=\"background-color:#09316C;color:#FFFFFF;border-top-left-radius:1px;border-top-right-radius:1px\">Objectifs<\/div><div class=\"su-box-content su-u-clearfix su-u-trim\" style=\"border-bottom-left-radius:1px;border-bottom-right-radius:1px\">\n<ul> \n\u00c9valuation et remise \u00e0 niveau personnalis\u00e9e dans les domaines suivants :  \n<li>math\u00e9matiques et raisonnement logique, <\/li> \n<li>communication \u00e9crite en fran\u00e7ais <\/li>\n<li>bureautique <\/li>\n<li>utilisation d&rsquo;internet <\/li>\n<li>travail en autonomie ou en \u00e9quipe<\/li>\n<li>apprendre \u00e0 apprendre<\/li>\n<\/lu><\/div><\/div><\/div><\/div><\/div><div id=\"pgc-794-2-1\"  class=\"panel-grid-cell\" ><div id=\"panel-794-2-1-0\" class=\"so-panel widget widget_shortcodes-ultimate shortcodes-ultimate panel-first-child panel-last-child\" data-index=\"3\" ><div class=\"textwidget\"><div class=\"su-box su-box-style-glass\" id=\"\" style=\"border-color:#000039;border-radius:3px\"><div class=\"su-box-title\" style=\"background-color:#09316C;color:#FFFFFF;border-top-left-radius:1px;border-top-right-radius:1px\">Exemples d'activit\u00e9s<\/div><div class=\"su-box-content su-u-clearfix su-u-trim\" style=\"border-bottom-left-radius:1px;border-bottom-right-radius:1px\">\n<ul> \n<li> Addition, soustraction, multiplication, division, probl\u00e8mes, exercices de raisonnement logique.<\/li> \n<li>Expression \u00e9crite, r\u00e9daction de courriers, conjugaison, vocabulaire, etc.<\/li>\n<li>Utilisation des outils informatiques\u00a0: traitement de texte, recherches sur Internet, v\u00e9rification de la fiabilit\u00e9 des sources d&rsquo;information, etc.  <\/li>\n<\/lu>\n<\/div><\/div><\/div><\/div><\/div><div id=\"pgc-794-2-2\"  class=\"panel-grid-cell\" ><div id=\"panel-794-2-2-0\" class=\"so-panel widget widget_shortcodes-ultimate shortcodes-ultimate panel-first-child panel-last-child\" data-index=\"4\" ><div class=\"textwidget\"><div class=\"su-box su-box-style-glass\" id=\"\" style=\"border-color:#000039;border-radius:3px\"><div class=\"su-box-title\" style=\"background-color:#09316C;color:#FFFFFF;border-top-left-radius:1px;border-top-right-radius:1px\">T\u00e9moignages<\/div><div class=\"su-box-content su-u-clearfix su-u-trim\" style=\"border-bottom-left-radius:1px;border-bottom-right-radius:1px\">\n<div class=\"su-spacer\" style=\"height:20px\"><\/div>\n\u00ab Dans cet atelier, cela permet d&rsquo;acqu\u00e9rir des connaissances pour l&rsquo;avenir.\u00a0\u00bb \nChristelle\n<div class=\"su-spacer\" style=\"height:20px\"><\/div>\n\u00ab\u00a0 J&rsquo;ai beaucoup appris \u00e0 cet atelier, revoir les bases m&rsquo;a permis d&rsquo;\u00e9valuer mon niveau et de r\u00e9apprendre. \u00c7a m&rsquo;a permis aussi de d\u00e9couvrir de nouvelles connaissances comme le logiciel Word Online. \u00bb\nAm\u00e9lie\n<div class=\"su-spacer\" style=\"height:20px\"><\/div> \n<\/div><\/div>\n\n <\/div><\/div><\/div><\/div><\/div>","protected":false},"excerpt":{"rendered":"<p>Cet atelier permet \u00e0 chacun de travailler individuellement et d&rsquo;ainsi\u00a0progresser \u00e0 son\u00a0rythme\u00a0en fonction de ses besoins et objectifs.<\/p>\n","protected":false},"author":2,"featured_media":0,"parent":0,"menu_order":0,"comment_status":"closed","ping_status":"closed","template":"page-templates\/template-fullwidth.php","meta":{"_mi_skip_tracking":false},"_links":{"self":[{"href":"https:\/\/www.cfatelier.com\/adc\/wp-json\/wp\/v2\/pages\/794"}],"collection":[{"href":"https:\/\/www.cfatelier.com\/adc\/wp-json\/wp\/v2\/pages"}],"about":[{"href":"https:\/\/www.cfatelier.com\/adc\/wp-json\/wp\/v2\/types\/page"}],"author":[{"embeddable":true,"href":"https:\/\/www.cfatelier.com\/adc\/wp-json\/wp\/v2\/users\/2"}],"replies":[{"embeddable":true,"href":"https:\/\/www.cfatelier.com\/adc\/wp-json\/wp\/v2\/comments?post=794"}],"version-history":[{"count":18,"href":"https:\/\/www.cfatelier.com\/adc\/wp-json\/wp\/v2\/pages\/794\/revisions"}],"predecessor-version":[{"id":1266,"href":"https:\/\/www.cfatelier.com\/adc\/wp-json\/wp\/v2\/pages\/794\/revisions\/1266"}],"wp:attachment":[{"href":"https:\/\/www.cfatelier.com\/adc\/wp-json\/wp\/v2\/media?parent=794"}],"curies":[{"name":"wp","href":"https:\/\/api.w.org\/{rel}","templated":true}]}}